{"id":2759,"date":"2024-10-29T22:16:17","date_gmt":"2024-10-29T22:16:17","guid":{"rendered":"https:\/\/negotinsko-blago.com\/?page_id=2759"},"modified":"2025-01-28T20:08:15","modified_gmt":"2025-01-28T20:08:15","slug":"einkaufsrechte-und-dienstleistungen","status":"publish","type":"page","link":"https:\/\/negotinsko-blago.com\/en\/einkaufsrechte-und-dienstleistungen\/","title":{"rendered":"Purchasing rules and services"},"content":{"rendered":"<div class=\"wpb-content-wrapper\"><div class=\"vc_row wpb_row vc_row-fluid\"><div class=\"wpb_column vc_column_container vc_col-sm-12\"><div class=\"vc_column-inner\"><div class=\"wpb_wrapper\">\n\t<div class=\"wpb_text_column wpb_content_element\" >\n\t\t<div class=\"wpb_wrapper\">\n\t\t\t<h3><strong>Shipping costs:<\/strong><\/h3>\n<p>Versand erfolgt ab 120\u20ac kostenfrei innerhalb \u00d6sterreich.<\/p>\n<p><strong>Lieferzeit:<\/strong><\/p>\n<p>Nach Zahlungseingang liefern wir in ca. 2-5 Werktagen, Zwischenverkauf\u00a0vorbehalten.<\/p>\n<p><strong>Versandversicherung:<\/strong><\/p>\n<p>Bei Besch\u00e4digung \/ Verlust der Ware wird der Preis r\u00fcckerstattet oder kostenlos nachgeliefert.<\/p>\n<p><strong>Wir versenden in folgende L\u00e4nder:\u00a0<\/strong><\/p>\n<p>\u00d6sterreich und innerhalb der EU<\/p>\n<p>&nbsp;<\/p>\n<h3 class=\"western\">\u00a76 Widerrufsrecht des Kunden als Verbraucher:<\/h3>\n<p><b>Widerrufsrecht f\u00fcr Verbraucher<\/b><\/p>\n<p>Verbrauchern steht ein Widerrufsrecht nach folgender Ma\u00dfgabe zu, wobei Verbraucher jede nat\u00fcrliche Person ist, die ein Rechtsgesch\u00e4ft zu Zwecken abschlie\u00dft, die \u00fcberwiegend weder ihrer gewerblichen noch ihrer selbst\u00e4ndigen beruflichen T\u00e4tigkeit zugerechnet werden k\u00f6nnen.<\/p>\n<p><b>Widerrufsbelehrung<\/b><\/p>\n<p>Sie haben das Recht, binnen vierzehn Tagen ohne Angabe von Gr\u00fcnden diesen Vertrag zu widerrufen.<\/p>\n<p>Die Widerrufsfrist betr\u00e4gt vierzehn Tage, ab dem Tag, an dem Sie oder ein von Ihnen benannter Dritter, der nicht der Bef\u00f6rderer ist, die Waren in Besitz genommen haben bzw. hat.<\/p>\n<p>Um Ihr Widerrufsrecht auszu\u00fcben, m\u00fcssen Sie uns<\/p>\n<p>Pavlekovic GmbH<br \/>\nDr.-Eberle Gasse 10\/3\/6<br \/>\n1100 Wien<br \/>\n\u00d6sterreich<br \/>\nTEL: 0043676879939652<br \/>\nE-mail: office@negotinsko-blago.com<\/p>\n<p>mittels einer eindeutigen Erkl\u00e4rung (z. B. ein mit der Post versandter Brief oder E-Mail) \u00fcber Ihren Entschluss, diesen Vertrag zu widerrufen, informieren. Sie k\u00f6nnen daf\u00fcr das beigef\u00fcgte Muster-Widerrufsformular verwenden, das jedoch nicht vorgeschrieben ist.<\/p>\n<p><b>Widerrufsfolgen<\/b><\/p>\n<p>Wenn Sie diesen Vertrag widerrufen, haben wir Ihnen alle Zahlungen, die wir von Ihnen erhalten haben, einschlie\u00dflich der Lieferkosten (mit Ausnahme der zus\u00e4tzlichen Kosten, die sich daraus ergeben, dass Sie eine andere Art der Lieferung als die von uns angebotene, g\u00fcnstigste Standardlieferung gew\u00e4hlt haben), unverz\u00fcglich und sp\u00e4testens binnen vierzehn Tagen ab dem Tag zur\u00fcckzuzahlen, an dem die Mitteilung \u00fcber Ihren Widerruf dieses Vertrags bei uns eingegangen ist. F\u00fcr diese R\u00fcckzahlung verwenden wir dasselbe Zahlungsmittel, das Sie bei der urspr\u00fcnglichen Transaktion eingesetzt haben, es sei denn, mit Ihnen wurde ausdr\u00fccklich etwas anderes vereinbart; in keinem Fall werden Ihnen wegen dieser R\u00fcckzahlung Entgelte berechnet.<\/p>\n<p>Wir k\u00f6nnen die R\u00fcckzahlung verweigern, bis wir die Waren wieder zur\u00fcckerhalten haben oder bis Sie den Nachweis erbracht haben, dass Sie die Waren zur\u00fcckgesandt haben, je nachdem, welches der fr\u00fchere Zeitpunkt ist.<\/p>\n<p>Sie haben die Waren unverz\u00fcglich und in jedem Fall sp\u00e4testens binnen vierzehn Tagen ab dem Tag, an dem Sie uns \u00fcber den Widerruf dieses Vertrages unterrichten, an uns zur\u00fcckzusenden oder zu \u00fcbergeben. Die Frist ist gewahrt, wenn Sie die Waren vor Ablauf der Frist von vierzehn Tagen absenden.<\/p>\n<p>Sie tragen die unmittelbaren Kosten der R\u00fccksendung der Waren.<\/p>\n<p><strong>Das Widerrufsrecht besteht nicht bei den folgenden Vertr\u00e4gen:<\/strong><\/p>\n<ul>\n<li>Vertr\u00e4ge zur Lieferung von Waren, die nicht vorgefertigt sind und f\u00fcr deren Herstellung eine individuelle Auswahl oder Bestimmung durch den Verbraucher ma\u00dfgeblich ist oder die eindeutig auf die pers\u00f6nlichen Bed\u00fcrfnisse des Verbrauchers zugeschnitten sind.<\/li>\n<li>Vertr\u00e4ge zur Lieferung von Waren, die schnell verderben k\u00f6nnen oder deren Verfallsdatum schnell \u00fcberschritten w\u00fcrde.<\/li>\n<li>Vertr\u00e4ge zur Lieferung versiegelter Waren, die aus Gr\u00fcnden des Gesundheitsschutzes oder der Hygiene nicht zur R\u00fcckgabe geeignet sind, wenn ihre Versiegelung nach der Lieferung entfernt wurde.<\/li>\n<li>Vertr\u00e4ge zur Lieferung alkoholischer Getr\u00e4nke, deren Preis bei Vertragsschluss vereinbart wurde, die aber fr\u00fchestens 30 Tage nach Vertragsschluss geliefert werden k\u00f6nnen und deren aktueller Wert von Schwankungen auf dem Markt abh\u00e4ngt, auf die der Unternehmer keinen Einfluss hat.<\/li>\n<\/ul>\n\n\t\t<\/div>\n\t<\/div>\n<\/div><\/div><\/div><\/div>\n<\/div>","protected":false},"excerpt":{"rendered":"Versandkosten: Versand erfolgt ab 120\u20ac kostenfrei innerhalb \u00d6sterreich. Lieferzeit: Nach Zahlungseingang liefern wir in ca. 2-5 Werktagen, Zwischenverkauf\u00a0vorbehalten. Versandversicherung: Bei Besch\u00e4digung \/ Verlust der Ware wird der Preis r\u00fcckerstattet oder<br class=\"read-more-spacer\"> <a class=\"more-link\" href=\"https:\/\/negotinsko-blago.com\/en\/einkaufsrechte-und-dienstleistungen\/\">Read More<\/a>","protected":false},"author":1,"featured_media":0,"parent":0,"menu_order":0,"comment_status":"closed","ping_status":"closed","template":"","meta":{"_acf_changed":false,"footnotes":""},"class_list":["post-2759","page","type-page","status-publish","hentry"],"acf":[],"jetpack_sharing_enabled":true,"_links":{"self":[{"href":"https:\/\/negotinsko-blago.com\/en\/wp-json\/wp\/v2\/pages\/2759","targetHints":{"allow":["GET"]}}],"collection":[{"href":"https:\/\/negotinsko-blago.com\/en\/wp-json\/wp\/v2\/pages"}],"about":[{"href":"https:\/\/negotinsko-blago.com\/en\/wp-json\/wp\/v2\/types\/page"}],"author":[{"embeddable":true,"href":"https:\/\/negotinsko-blago.com\/en\/wp-json\/wp\/v2\/users\/1"}],"replies":[{"embeddable":true,"href":"https:\/\/negotinsko-blago.com\/en\/wp-json\/wp\/v2\/comments?post=2759"}],"version-history":[{"count":7,"href":"https:\/\/negotinsko-blago.com\/en\/wp-json\/wp\/v2\/pages\/2759\/revisions"}],"predecessor-version":[{"id":2994,"href":"https:\/\/negotinsko-blago.com\/en\/wp-json\/wp\/v2\/pages\/2759\/revisions\/2994"}],"wp:attachment":[{"href":"https:\/\/negotinsko-blago.com\/en\/wp-json\/wp\/v2\/media?parent=2759"}],"curies":[{"name":"wp","href":"https:\/\/api.w.org\/{rel}","templated":true}]}}