{"id":341,"date":"2016-03-15T14:31:38","date_gmt":"2016-03-15T14:31:38","guid":{"rendered":"http:\/\/okthemes.com\/villenoirdemonew\/?page_id=341"},"modified":"2024-12-25T17:39:44","modified_gmt":"2024-12-25T17:39:44","slug":"uber-uns","status":"publish","type":"page","link":"https:\/\/negotinsko-blago.com\/en\/uber-uns\/","title":{"rendered":"O nama"},"content":{"rendered":"<div class=\"wpb-content-wrapper\"><div data-vc-full-width=\"true\" data-vc-full-width-init=\"false\" data-vc-stretch-content=\"true\" class=\"vc_row wpb_row vc_row-fluid vc_custom_1732829528711 vc_row-has-fill vc_column-gap-30\"><div class=\"wpb_column vc_column_container vc_col-sm-6\"><div class=\"vc_column-inner\"><div class=\"wpb_wrapper\">\n\t<div class=\"wpb_text_column wpb_content_element  vc_custom_1735147898611\" >\n\t\t<div class=\"wpb_wrapper\">\n\t\t\t<h2><strong>Dedication, satisfaction, passion<\/strong><\/h2>\n<p>Our company focuses its operations on traditionally high-quality wines and brandies from the Negotin Krajina. We are here to offer you top quality wines and brandies originating from the Negotin vineyards. The very mention of Negotin immediately brings to mind the production of high-quality wines and brandies with geographical origin and the label Negotinska Krajina. In our online store, we offer you selected products from well-known and award-winning manufacturers. Enjoy wines and brandy from Negotin Krajina.<\/p>\n<p><span style=\"color: #000000;\"><span style=\"font-family: Lato, serif;\"><b>Cheers !<\/b><\/span><\/span><\/p>\n<p>&nbsp;<\/p>\n\n\t\t<\/div>\n\t<\/div>\n<\/div><\/div><\/div><div class=\"wpb_column vc_column_container vc_col-sm-6 vc_col-has-fill\"><div class=\"vc_column-inner  vc_custom_1735148236734 vc_custom_1735148236736 vc_custom_1735148236737\"><div class=\"wpb_wrapper\">\n\t<div class=\"title-subtitle-box  vc_custom_1735148123244 vc_custom_1735148123245 vc_custom_1735148123246\" style=\" padding: 20px 0 0 0px; text-align: center;\">\n\t\t<p  style=\"\">Negotin vineyards<\/p>\n\t\t<h1 style=\" font-style: normal;\">The best wines and brandies,<br \/>\nfor heart and soul<\/h1>\n\t<\/div> <\/div><\/div><\/div><\/div><div class=\"vc_row-full-width vc_clearfix\"><\/div>\n<\/div>","protected":false},"excerpt":{"rendered":"Hingabe, Vergn\u00fcgen, Leidenschaft Unser Unternehmen legt Wert auf traditionelle Qualit\u00e4tsweine und Schn\u00e4pse der Negotin Krajina. Wir sind hier, um Ihnen Spitzenweine und Schn\u00e4pse von h\u00f6chster Qualit\u00e4t anzubieten, die aus den<br class=\"read-more-spacer\"> <a class=\"more-link\" href=\"https:\/\/negotinsko-blago.com\/en\/uber-uns\/\">Read More<\/a>","protected":false},"author":1,"featured_media":0,"parent":0,"menu_order":0,"comment_status":"closed","ping_status":"closed","template":"","meta":{"_acf_changed":false,"footnotes":""},"class_list":["post-341","page","type-page","status-publish","hentry"],"acf":[],"jetpack_sharing_enabled":true,"_links":{"self":[{"href":"https:\/\/negotinsko-blago.com\/en\/wp-json\/wp\/v2\/pages\/341","targetHints":{"allow":["GET"]}}],"collection":[{"href":"https:\/\/negotinsko-blago.com\/en\/wp-json\/wp\/v2\/pages"}],"about":[{"href":"https:\/\/negotinsko-blago.com\/en\/wp-json\/wp\/v2\/types\/page"}],"author":[{"embeddable":true,"href":"https:\/\/negotinsko-blago.com\/en\/wp-json\/wp\/v2\/users\/1"}],"replies":[{"embeddable":true,"href":"https:\/\/negotinsko-blago.com\/en\/wp-json\/wp\/v2\/comments?post=341"}],"version-history":[{"count":48,"href":"https:\/\/negotinsko-blago.com\/en\/wp-json\/wp\/v2\/pages\/341\/revisions"}],"predecessor-version":[{"id":2942,"href":"https:\/\/negotinsko-blago.com\/en\/wp-json\/wp\/v2\/pages\/341\/revisions\/2942"}],"wp:attachment":[{"href":"https:\/\/negotinsko-blago.com\/en\/wp-json\/wp\/v2\/media?parent=341"}],"curies":[{"name":"wp","href":"https:\/\/api.w.org\/{rel}","templated":true}]}}