{"id":2861,"date":"2024-11-28T21:55:32","date_gmt":"2024-11-28T21:55:32","guid":{"rendered":"https:\/\/negotinsko-blago.com\/?post_type=product&#038;p=2861"},"modified":"2025-01-22T20:35:06","modified_gmt":"2025-01-22T20:35:06","slug":"fucking-fabulous-cuvee","status":"publish","type":"product","link":"https:\/\/negotinsko-blago.com\/en\/product\/fucking-fabulous-cuvee\/","title":{"rendered":"Fucking Fabulous Cuv\u00e9e"},"content":{"rendered":"<div class=\"wpb-content-wrapper\"><div class=\"vc_row wpb_row vc_row-fluid vc_custom_1681218257591 reverse_columns_mobile vc_row-has-fill vc_row-o-equal-height vc_row-o-content-middle vc_row-flex\"><div class=\"wpb_column vc_column_container vc_col-sm-6 vc_col-lg-6 vc_col-md-6\"><div class=\"vc_column-inner  vc_custom_1681218019260 vc_custom_1681218019261\"><div class=\"wpb_wrapper\">\n\t<div class=\"title-subtitle-box\" style=\" text-align: left;\">\n\t\t<h1 style=\" font-style: normal;\">About wine<\/h1>\n\t<\/div> \n\t<div class=\"wpb_text_column wpb_content_element  vc_custom_1735470179454\" >\n\t\t<div class=\"wpb_wrapper\">\n\t\t\t<p>Rich ruby \u200b\u200bred, garnet red accents. A beautifully composed bouquet of wild strawberries, cherries and dark chocolate gives the wine a special taste experience. On the palate of incomparable elegance and intensity, and yet plenty of lush red fruits, accompanied by ripe tannins, it gives a strong feeling on the palate, an aromatic and persistent finish.<\/p>\n<p>Cabernet Sauvignon 65%, Marsellan 22%, Cremenere 13%.<\/p>\n<p><b>Serve:<\/b><br \/>\nServe at a temperature of 16 \u00b0C to 18 \u00b0C.<\/p>\n<p>After opening the wine bottle, it must mature for at least 30 minutes before serving. Then, when it comes into contact with air, the pores are loosened.<\/p>\n<p>This refined wine awaits a richer cuisine that appeals to all your senses.<\/p>\n<p>The recommendation to age wine in the bottle is valid until 2035.<\/p>\n\n\t\t<\/div>\n\t<\/div>\n<\/div><\/div><\/div><div class=\"wpb_column vc_column_container vc_col-sm-6 vc_col-lg-6 vc_col-md-6 vc_col-has-fill\"><div class=\"vc_column-inner  vc_custom_1729789507618\"><div class=\"wpb_wrapper\"><style>@media (max-width: 991px) {.spacer-618462287 {height: 500px !important;}}<\/style><style>@media (max-width: 480px) {.spacer-618462287 {height: 350px !important;}}<\/style><div class=\"vc_empty_space spacer-618462287\"   style=\"height: 700px\"><span class=\"vc_empty_space_inner\"><\/span><\/div><\/div><\/div><\/div><\/div>\n<\/div>","protected":false},"excerpt":{"rendered":"<p>FF Premium is a cuv\u00e9e made from the 2021 vintage Cabernet Sauvignon, 2021 vintage Marselan and 2021 vintage Cr\u00e8men\u00e8re grape varieties. Malolactic fermentation in stainless steel tanks, 24 months in a French barrique, followed by bottling of the wine where it matures for a further 6 months. By combining these wine varieties, we have obtained a blend of high-quality premium wines with a fantastic, refined taste and aroma.<\/p>","protected":false},"featured_media":2863,"template":"","meta":{"_acf_changed":false},"product_cat":[23],"product_tag":[],"class_list":{"0":"post-2861","1":"product","2":"type-product","3":"status-publish","4":"has-post-thumbnail","6":"product_cat-rotwein","8":"first","9":"instock","10":"taxable","11":"shipping-taxable","12":"purchasable","13":"product-type-simple"},"acf":[],"jetpack_sharing_enabled":true,"_links":{"self":[{"href":"https:\/\/negotinsko-blago.com\/en\/wp-json\/wp\/v2\/product\/2861","targetHints":{"allow":["GET"]}}],"collection":[{"href":"https:\/\/negotinsko-blago.com\/en\/wp-json\/wp\/v2\/product"}],"about":[{"href":"https:\/\/negotinsko-blago.com\/en\/wp-json\/wp\/v2\/types\/product"}],"wp:featuredmedia":[{"embeddable":true,"href":"https:\/\/negotinsko-blago.com\/en\/wp-json\/wp\/v2\/media\/2863"}],"wp:attachment":[{"href":"https:\/\/negotinsko-blago.com\/en\/wp-json\/wp\/v2\/media?parent=2861"}],"wp:term":[{"taxonomy":"product_cat","embeddable":true,"href":"https:\/\/negotinsko-blago.com\/en\/wp-json\/wp\/v2\/product_cat?post=2861"},{"taxonomy":"product_tag","embeddable":true,"href":"https:\/\/negotinsko-blago.com\/en\/wp-json\/wp\/v2\/product_tag?post=2861"}],"curies":[{"name":"wp","href":"https:\/\/api.w.org\/{rel}","templated":true}]}}