{"id":2884,"date":"2024-11-29T07:06:25","date_gmt":"2024-11-29T07:06:25","guid":{"rendered":"https:\/\/negotinsko-blago.com\/?post_type=product&#038;p=2884"},"modified":"2025-01-22T20:37:31","modified_gmt":"2025-01-22T20:37:31","slug":"aglaja-rose-weingut-frunza","status":"publish","type":"product","link":"https:\/\/negotinsko-blago.com\/en\/product\/aglaja-rose-weingut-frunza\/","title":{"rendered":"Aglaja Ros\u00e9 \u2013 Frunza Winery"},"content":{"rendered":"<div class=\"wpb-content-wrapper\"><div class=\"vc_row wpb_row vc_row-fluid vc_custom_1729711714634 reverse_columns_mobile vc_row-has-fill vc_row-o-equal-height vc_row-o-content-middle vc_row-flex\"><div class=\"wpb_column vc_column_container vc_col-sm-12\"><div class=\"vc_column-inner\"><div class=\"wpb_wrapper\">\n\t<div class=\"title-subtitle-box\" style=\" text-align: left;\">\n\t\t<h1 style=\" font-style: normal;\">About wine<\/h1>\n\t<\/div> \n\t<div class=\"wpb_text_column wpb_content_element  vc_custom_1735594669024\" >\n\t\t<div class=\"wpb_wrapper\">\n\t\t\t<p>This ros\u00e9 is made using the short cold maceration process and the classic controlled alcoholic fermentation process for white wines. Pinot Noir and Merlot are particularly fermented, and especially Prokupac, which distinguishes this ros\u00e9 from others, as it is a blend of two ros\u00e9s. It is easy to drink and goes best with salads, fish, light and mild cheeses.<\/p>\n<p>We recommend that you drink it very chilled, even below 8 degrees Celsius. The aroma of Pino that predominates in the nose will not regret the coldness of the wine and the sweetness will gently pour over the palate as an ideal partner for fruit salads, but also for those of the Cezar type salads .<\/p>\n\n\t\t<\/div>\n\t<\/div>\n<\/div><\/div><\/div><\/div>\n<\/div>","protected":false},"excerpt":{"rendered":"<p>Aglaya Ros\u00e9 ist ein Lachswein mit einer rosa Farbe und einem intensiven blumigen Aroma. Der dominierende Geschmack ist reife Frucht und angenehme S\u00e4uren, die dem Wein Frische und ein Gef\u00fchl von S\u00fc\u00dfe verleihen.<\/p>","protected":false},"featured_media":2901,"template":"","meta":{"_acf_changed":false},"product_cat":[31],"product_tag":[],"class_list":{"0":"post-2884","1":"product","2":"type-product","3":"status-publish","4":"has-post-thumbnail","6":"product_cat-roseweine","8":"first","9":"instock","10":"taxable","11":"shipping-taxable","12":"purchasable","13":"product-type-simple"},"acf":[],"jetpack_sharing_enabled":true,"_links":{"self":[{"href":"https:\/\/negotinsko-blago.com\/en\/wp-json\/wp\/v2\/product\/2884","targetHints":{"allow":["GET"]}}],"collection":[{"href":"https:\/\/negotinsko-blago.com\/en\/wp-json\/wp\/v2\/product"}],"about":[{"href":"https:\/\/negotinsko-blago.com\/en\/wp-json\/wp\/v2\/types\/product"}],"wp:featuredmedia":[{"embeddable":true,"href":"https:\/\/negotinsko-blago.com\/en\/wp-json\/wp\/v2\/media\/2901"}],"wp:attachment":[{"href":"https:\/\/negotinsko-blago.com\/en\/wp-json\/wp\/v2\/media?parent=2884"}],"wp:term":[{"taxonomy":"product_cat","embeddable":true,"href":"https:\/\/negotinsko-blago.com\/en\/wp-json\/wp\/v2\/product_cat?post=2884"},{"taxonomy":"product_tag","embeddable":true,"href":"https:\/\/negotinsko-blago.com\/en\/wp-json\/wp\/v2\/product_tag?post=2884"}],"curies":[{"name":"wp","href":"https:\/\/api.w.org\/{rel}","templated":true}]}}