{"id":341,"date":"2016-03-15T14:31:38","date_gmt":"2016-03-15T14:31:38","guid":{"rendered":"http:\/\/okthemes.com\/villenoirdemonew\/?page_id=341"},"modified":"2024-12-25T17:39:44","modified_gmt":"2024-12-25T17:39:44","slug":"uber-uns","status":"publish","type":"page","link":"https:\/\/negotinsko-blago.com\/sr\/uber-uns\/","title":{"rendered":"O nama"},"content":{"rendered":"<div class=\"wpb-content-wrapper\"><div data-vc-full-width=\"true\" data-vc-full-width-init=\"false\" data-vc-stretch-content=\"true\" class=\"vc_row wpb_row vc_row-fluid vc_custom_1732829528711 vc_row-has-fill vc_column-gap-30\"><div class=\"wpb_column vc_column_container vc_col-sm-6\"><div class=\"vc_column-inner\"><div class=\"wpb_wrapper\">\n\t<div class=\"wpb_text_column wpb_content_element  vc_custom_1735147898611\" >\n\t\t<div class=\"wpb_wrapper\">\n\t\t\t<h2><strong>Posve\u0107enost, zadovoljstvo, strast<\/strong><\/h2>\n<p>Na\u0161a firma svoje poslovanje naglasak stavlja na tradicionalno kvalitetna vina i rakije Negotinske Krajine. Tu smo da Vam ponudimo vrhunska vina i rakije koje poti\u010du sa negotinskog vinogorja.\nSamo pominjanje Negotina odmah asocira na proizvodnju visokokvalitetnih vina i rakija sa geografskim poreklom i oznakom Negotinska Krajina. U na\u0161oj online prodavnici nudimo Vam odabrane proizvode poznatih i nagra\u0111ivanih proizvo\u0111a\u010da. U\u017eivajte u vinima i rakiji iz Negotinske Krajine.<\/p>\n<p><span style=\"color: #000000;\"><span style=\"font-family: Lato, serif;\"><b>\u017diveli !<\/b><\/span><\/span><\/p>\n<p>&nbsp;<\/p>\n\n\t\t<\/div>\n\t<\/div>\n<\/div><\/div><\/div><div class=\"wpb_column vc_column_container vc_col-sm-6 vc_col-has-fill\"><div class=\"vc_column-inner  vc_custom_1735148236734 vc_custom_1735148236736 vc_custom_1735148236737\"><div class=\"wpb_wrapper\">\n\t<div class=\"title-subtitle-box  vc_custom_1735148123244 vc_custom_1735148123245 vc_custom_1735148123246\" style=\" padding: 20px 0 0 0px; text-align: center;\">\n\t\t<p  style=\"\">Negotinsko Blago<\/p>\n\t\t<h1 style=\" font-style: normal;\">Najbolja vina i rakije,<br \/>\nza srce i du\u0161u<\/h1>\n\t<\/div> <\/div><\/div><\/div><\/div><div class=\"vc_row-full-width vc_clearfix\"><\/div>\n<\/div>","protected":false},"excerpt":{"rendered":"Hingabe, Vergn\u00fcgen, Leidenschaft Unser Unternehmen legt Wert auf traditionelle Qualit\u00e4tsweine und Schn\u00e4pse der Negotin Krajina. Wir sind hier, um Ihnen Spitzenweine und Schn\u00e4pse von h\u00f6chster Qualit\u00e4t anzubieten, die aus den<br class=\"read-more-spacer\"> <a class=\"more-link\" href=\"https:\/\/negotinsko-blago.com\/sr\/uber-uns\/\">Read More<\/a>","protected":false},"author":1,"featured_media":0,"parent":0,"menu_order":0,"comment_status":"closed","ping_status":"closed","template":"","meta":{"_acf_changed":false,"footnotes":""},"class_list":["post-341","page","type-page","status-publish","hentry"],"acf":[],"jetpack_sharing_enabled":true,"_links":{"self":[{"href":"https:\/\/negotinsko-blago.com\/sr\/wp-json\/wp\/v2\/pages\/341","targetHints":{"allow":["GET"]}}],"collection":[{"href":"https:\/\/negotinsko-blago.com\/sr\/wp-json\/wp\/v2\/pages"}],"about":[{"href":"https:\/\/negotinsko-blago.com\/sr\/wp-json\/wp\/v2\/types\/page"}],"author":[{"embeddable":true,"href":"https:\/\/negotinsko-blago.com\/sr\/wp-json\/wp\/v2\/users\/1"}],"replies":[{"embeddable":true,"href":"https:\/\/negotinsko-blago.com\/sr\/wp-json\/wp\/v2\/comments?post=341"}],"version-history":[{"count":48,"href":"https:\/\/negotinsko-blago.com\/sr\/wp-json\/wp\/v2\/pages\/341\/revisions"}],"predecessor-version":[{"id":2942,"href":"https:\/\/negotinsko-blago.com\/sr\/wp-json\/wp\/v2\/pages\/341\/revisions\/2942"}],"wp:attachment":[{"href":"https:\/\/negotinsko-blago.com\/sr\/wp-json\/wp\/v2\/media?parent=341"}],"curies":[{"name":"wp","href":"https:\/\/api.w.org\/{rel}","templated":true}]}}