{"id":2736,"date":"2024-10-24T17:18:45","date_gmt":"2024-10-24T17:18:45","guid":{"rendered":"https:\/\/negotinsko-blago.com\/?post_type=product&#038;p=2736"},"modified":"2025-01-22T20:34:33","modified_gmt":"2025-01-22T20:34:33","slug":"fabulous-cabernet-sauvignon-trasko-weingut","status":"publish","type":"product","link":"https:\/\/negotinsko-blago.com\/sr\/proizvod\/fabulous-cabernet-sauvignon-trasko-weingut\/","title":{"rendered":"Fabulous Cabernet Sauvignon \u2013 Tra\u0161ko Vinarija"},"content":{"rendered":"<div class=\"wpb-content-wrapper\"><div class=\"vc_row wpb_row vc_row-fluid vc_custom_1681218257591 reverse_columns_mobile vc_row-has-fill vc_row-o-equal-height vc_row-o-content-middle vc_row-flex\"><div class=\"wpb_column vc_column_container vc_col-sm-6 vc_col-lg-6 vc_col-md-6\"><div class=\"vc_column-inner  vc_custom_1681218019260 vc_custom_1681218019261\"><div class=\"wpb_wrapper\">\n\t<div class=\"title-subtitle-box\" style=\" text-align: left;\">\n\t\t<h1 style=\" font-style: normal;\">O Vinu<\/h1>\n\t<\/div> \n\t<div class=\"wpb_text_column wpb_content_element  vc_custom_1735469175009\" >\n\t\t<div class=\"wpb_wrapper\">\n\t\t\t<p>Defini\u0161e ga gusta rubin crvena boja. Intenzivan, slo\u017een na nosu. Dominiraju arome kafa, crne \u010dokolade, zrele tre\u0161nje. Sna\u017eno na nepcu, sa lepo izbalansiranom, so\u010dnom strukturom. Bogat fino\u0107om i precizno\u0161\u0107u. Jaki tanini odli\u010dnog kvaliteta. Dug, aromati\u010dno i postojan zavr\u0161etak. Fabulos pokazuje nepogre\u0161iv karakter sorte gro\u017e\u0111a, ali u isto vreme i sna\u017ean indetitet Negotinske Krajine.<\/p>\n<p><b>Serviranje:<\/b><br \/>\nFabulous treba slu\u017eiti u kaberne \u010da\u0161i ve\u0107eg tela na temperaturi od 16 \u00b0C\ndo 18 \u00b0C<\/p>\n\n\t\t<\/div>\n\t<\/div>\n<\/div><\/div><\/div><div class=\"wpb_column vc_column_container vc_col-sm-6 vc_col-lg-6 vc_col-md-6 vc_col-has-fill\"><div class=\"vc_column-inner  vc_custom_1729789507618\"><div class=\"wpb_wrapper\"><style>@media (max-width: 991px) {.spacer-950181877 {height: 500px !important;}}<\/style><style>@media (max-width: 480px) {.spacer-950181877 {height: 350px !important;}}<\/style><div class=\"vc_empty_space spacer-950181877\"   style=\"height: 700px\"><span class=\"vc_empty_space_inner\"><\/span><\/div><\/div><\/div><\/div><\/div>\n<\/div>","protected":false},"excerpt":{"rendered":"<p>Fabulous Cabernet Sauvignon napravljen je od \u010distog kaberne sovinjona od selektivno ru\u010dno branih grozdova. Nakon blagog drobljenja gro\u017e\u0111a, ka\u0161a fermentira u inox tankovima i zatim odle\u017eava u francuskim baricima 12 meseci. Pojedina\u010dni barici su pod stalnim nadzorom i fla\u0161iraju se i odle\u017eava u boci oko godinu dana.<\/p>","protected":false},"featured_media":2737,"template":"","meta":{"_acf_changed":false},"product_cat":[23],"product_tag":[],"class_list":{"0":"post-2736","1":"product","2":"type-product","3":"status-publish","4":"has-post-thumbnail","6":"product_cat-rotwein","8":"first","9":"instock","10":"taxable","11":"shipping-taxable","12":"purchasable","13":"product-type-simple"},"acf":[],"jetpack_sharing_enabled":true,"_links":{"self":[{"href":"https:\/\/negotinsko-blago.com\/sr\/wp-json\/wp\/v2\/product\/2736","targetHints":{"allow":["GET"]}}],"collection":[{"href":"https:\/\/negotinsko-blago.com\/sr\/wp-json\/wp\/v2\/product"}],"about":[{"href":"https:\/\/negotinsko-blago.com\/sr\/wp-json\/wp\/v2\/types\/product"}],"wp:featuredmedia":[{"embeddable":true,"href":"https:\/\/negotinsko-blago.com\/sr\/wp-json\/wp\/v2\/media\/2737"}],"wp:attachment":[{"href":"https:\/\/negotinsko-blago.com\/sr\/wp-json\/wp\/v2\/media?parent=2736"}],"wp:term":[{"taxonomy":"product_cat","embeddable":true,"href":"https:\/\/negotinsko-blago.com\/sr\/wp-json\/wp\/v2\/product_cat?post=2736"},{"taxonomy":"product_tag","embeddable":true,"href":"https:\/\/negotinsko-blago.com\/sr\/wp-json\/wp\/v2\/product_tag?post=2736"}],"curies":[{"name":"wp","href":"https:\/\/api.w.org\/{rel}","templated":true}]}}