{"id":2740,"date":"2024-10-24T18:14:04","date_gmt":"2024-10-24T18:14:04","guid":{"rendered":"https:\/\/negotinsko-blago.com\/?post_type=product&#038;p=2740"},"modified":"2025-04-25T18:54:18","modified_gmt":"2025-04-25T18:54:18","slug":"aglaja-sauvignon-semillon-weingut-frunza","status":"publish","type":"product","link":"https:\/\/negotinsko-blago.com\/sr\/proizvod\/aglaja-sauvignon-semillon-weingut-frunza\/","title":{"rendered":"Aglaja Sauvignon &amp; Semillon \u2013  Vinarija Frunza"},"content":{"rendered":"<div class=\"wpb-content-wrapper\"><div class=\"vc_row wpb_row vc_row-fluid vc_custom_1729711714634 reverse_columns_mobile vc_row-has-fill vc_row-o-equal-height vc_row-o-content-middle vc_row-flex\"><div class=\"wpb_column vc_column_container vc_col-sm-12\"><div class=\"vc_column-inner\"><div class=\"wpb_wrapper\">\n\t<div class=\"title-subtitle-box\" style=\" text-align: left;\">\n\t\t<h1 style=\" font-style: normal;\">O Vinu<\/h1>\n\t<\/div> \n\t<div class=\"wpb_text_column wpb_content_element  vc_custom_1735597467466\" >\n\t\t<div class=\"wpb_wrapper\">\n\t\t\t<p>Arome ovog vina podse\u0107aju na limetu i med. Vinogradi gde rastu gro\u017e\u0111a ovog posebno slasnog vina nalaze se u Smedova\u010dko-Raja\u010dkom vinogorju, koji je star 45 godina, i u selu Trnjane u Negotinskom vinogorju.<\/p>\n\n\t\t<\/div>\n\t<\/div>\n<\/div><\/div><\/div><\/div>\n<\/div>","protected":false},"excerpt":{"rendered":"<p>Aglaja \u2013 Sauvignon &amp; Semillon ist ein Wein von kristallklarer Klarheit, der von gr\u00fcn-gelben T\u00f6nen durchdrungen ist. Ein \u00fcppiges Bouquet mit einer starken Struktur und intensive Frische von Zitrusaromen mit einem mineralischen Abgang verleihen diesem Wein einen besonderen Charakter.<\/p>","protected":false},"featured_media":2903,"template":"","meta":{"_acf_changed":false},"product_cat":[24],"product_tag":[],"class_list":{"0":"post-2740","1":"product","2":"type-product","3":"status-publish","4":"has-post-thumbnail","6":"product_cat-weiswein","8":"first","9":"instock","10":"taxable","11":"shipping-taxable","12":"purchasable","13":"product-type-simple"},"acf":[],"jetpack_sharing_enabled":true,"_links":{"self":[{"href":"https:\/\/negotinsko-blago.com\/sr\/wp-json\/wp\/v2\/product\/2740","targetHints":{"allow":["GET"]}}],"collection":[{"href":"https:\/\/negotinsko-blago.com\/sr\/wp-json\/wp\/v2\/product"}],"about":[{"href":"https:\/\/negotinsko-blago.com\/sr\/wp-json\/wp\/v2\/types\/product"}],"wp:featuredmedia":[{"embeddable":true,"href":"https:\/\/negotinsko-blago.com\/sr\/wp-json\/wp\/v2\/media\/2903"}],"wp:attachment":[{"href":"https:\/\/negotinsko-blago.com\/sr\/wp-json\/wp\/v2\/media?parent=2740"}],"wp:term":[{"taxonomy":"product_cat","embeddable":true,"href":"https:\/\/negotinsko-blago.com\/sr\/wp-json\/wp\/v2\/product_cat?post=2740"},{"taxonomy":"product_tag","embeddable":true,"href":"https:\/\/negotinsko-blago.com\/sr\/wp-json\/wp\/v2\/product_tag?post=2740"}],"curies":[{"name":"wp","href":"https:\/\/api.w.org\/{rel}","templated":true}]}}