{"id":2841,"date":"2024-11-28T07:06:43","date_gmt":"2024-11-28T07:06:43","guid":{"rendered":"https:\/\/negotinsko-blago.com\/?post_type=product&#038;p=2841"},"modified":"2025-01-22T20:29:31","modified_gmt":"2025-01-22T20:29:31","slug":"jos-jedna-pflaumenschnaps","status":"publish","type":"product","link":"https:\/\/negotinsko-blago.com\/sr\/proizvod\/jos-jedna-pflaumenschnaps\/","title":{"rendered":"Jo\u0161 jedna \u2013 Rakija od \u0161ljive"},"content":{"rendered":"<div class=\"wpb-content-wrapper\"><div class=\"vc_row wpb_row vc_row-fluid vc_custom_1729711714634 reverse_columns_mobile vc_row-has-fill vc_row-o-equal-height vc_row-o-content-middle vc_row-flex\"><div class=\"wpb_column vc_column_container vc_col-sm-12\"><div class=\"vc_column-inner\"><div class=\"wpb_wrapper\">\n\t<div class=\"wpb_text_column wpb_content_element  vc_custom_1735594137913\" >\n\t\t<div class=\"wpb_wrapper\">\n\t\t\t<p>Tradicionalno se konzumira u toku obroka uz hladne salate i predjela, ali dobri poznavaoci i u\u017eivaoci prepe\u010denica preporu\u010duju je i kao odli\u010dan di\u017eestiv.<\/p>\n<p>Temperatura serviranja: 14-18\u00b0C.<\/p>\n\n\t\t<\/div>\n\t<\/div>\n<\/div><\/div><\/div><\/div>\n<\/div>","protected":false},"excerpt":{"rendered":"<p>Prirodna vo\u0107na rakija proizvedena tradicionalnom metodom dvostruke destilacije prevrelih plodova \u0161ljive. Fino uravnote\u017eena vo\u0107na aroma \u0161ljive sa blagim vanilinskim tonovima hrasta daje puno\u0107u i harmoni\u010dni ukus koji se dobija odle\u017eavanjem u hrastovim buradima najmanje dve godine.<\/p>","protected":false},"featured_media":2842,"template":"","meta":{"_acf_changed":false},"product_cat":[30],"product_tag":[],"class_list":{"0":"post-2841","1":"product","2":"type-product","3":"status-publish","4":"has-post-thumbnail","6":"product_cat-schnaps","8":"first","9":"instock","10":"taxable","11":"shipping-taxable","12":"purchasable","13":"product-type-simple"},"acf":[],"jetpack_sharing_enabled":true,"_links":{"self":[{"href":"https:\/\/negotinsko-blago.com\/sr\/wp-json\/wp\/v2\/product\/2841","targetHints":{"allow":["GET"]}}],"collection":[{"href":"https:\/\/negotinsko-blago.com\/sr\/wp-json\/wp\/v2\/product"}],"about":[{"href":"https:\/\/negotinsko-blago.com\/sr\/wp-json\/wp\/v2\/types\/product"}],"wp:featuredmedia":[{"embeddable":true,"href":"https:\/\/negotinsko-blago.com\/sr\/wp-json\/wp\/v2\/media\/2842"}],"wp:attachment":[{"href":"https:\/\/negotinsko-blago.com\/sr\/wp-json\/wp\/v2\/media?parent=2841"}],"wp:term":[{"taxonomy":"product_cat","embeddable":true,"href":"https:\/\/negotinsko-blago.com\/sr\/wp-json\/wp\/v2\/product_cat?post=2841"},{"taxonomy":"product_tag","embeddable":true,"href":"https:\/\/negotinsko-blago.com\/sr\/wp-json\/wp\/v2\/product_tag?post=2841"}],"curies":[{"name":"wp","href":"https:\/\/api.w.org\/{rel}","templated":true}]}}