{"id":2866,"date":"2024-11-28T22:54:07","date_gmt":"2024-11-28T22:54:07","guid":{"rendered":"https:\/\/negotinsko-blago.com\/?post_type=product&#038;p=2866"},"modified":"2025-01-22T20:39:11","modified_gmt":"2025-01-22T20:39:11","slug":"aglaja-chardonnay-barrique-weingut-frunza","status":"publish","type":"product","link":"https:\/\/negotinsko-blago.com\/sr\/proizvod\/aglaja-chardonnay-barrique-weingut-frunza\/","title":{"rendered":"Aglaja Chardonnay Barrique- Vinarija Frunza"},"content":{"rendered":"<div class=\"wpb-content-wrapper\"><div class=\"vc_row wpb_row vc_row-fluid vc_custom_1729711714634 reverse_columns_mobile vc_row-has-fill vc_row-o-equal-height vc_row-o-content-middle vc_row-flex\"><div class=\"wpb_column vc_column_container vc_col-sm-12\"><div class=\"vc_column-inner\"><div class=\"wpb_wrapper\">\n\t<div class=\"title-subtitle-box\" style=\" text-align: left;\">\n\t\t<h1 style=\" font-style: normal;\">O Vinu<\/h1>\n\t<\/div> \n\t<div class=\"wpb_text_column wpb_content_element  vc_custom_1735596796754\" >\n\t\t<div class=\"wpb_wrapper\">\n\t\t\t<p>Pun ukus ovog belog vina, koji je barikiran 6 meseci, zaokru\u017een je razigranim kiselinama i istrajnom zavr\u0161nicom. Temperatura serviranja \u2013 Aglaja Chardonnay se najbolje slu\u017ei na temperaturi od 10\u00b0 do 12\u00b0C.<\/p>\n\n\t\t<\/div>\n\t<\/div>\n<\/div><\/div><\/div><\/div>\n<\/div>","protected":false},"excerpt":{"rendered":"<p>A\u0433\u043b\u0430\u0458\u0430 \u2013 Chardonnay je prozra\u010dno belo vino slamnato\u017eutog sjaja. Ovaj pitki Chardonnay ima ima sortni miris Chardonnay-a, miris koji podse\u0107a na kru\u0161ku i badem sa intenzivnim vaniliskim utiskom, koji poti\u010de od hrastovine, kako po aromi tako i po ukusu.<\/p>","protected":false},"featured_media":2902,"template":"","meta":{"_acf_changed":false},"product_cat":[24],"product_tag":[],"class_list":{"0":"post-2866","1":"product","2":"type-product","3":"status-publish","4":"has-post-thumbnail","6":"product_cat-weiswein","8":"first","9":"instock","10":"taxable","11":"shipping-taxable","12":"purchasable","13":"product-type-simple"},"acf":[],"jetpack_sharing_enabled":true,"_links":{"self":[{"href":"https:\/\/negotinsko-blago.com\/sr\/wp-json\/wp\/v2\/product\/2866","targetHints":{"allow":["GET"]}}],"collection":[{"href":"https:\/\/negotinsko-blago.com\/sr\/wp-json\/wp\/v2\/product"}],"about":[{"href":"https:\/\/negotinsko-blago.com\/sr\/wp-json\/wp\/v2\/types\/product"}],"wp:featuredmedia":[{"embeddable":true,"href":"https:\/\/negotinsko-blago.com\/sr\/wp-json\/wp\/v2\/media\/2902"}],"wp:attachment":[{"href":"https:\/\/negotinsko-blago.com\/sr\/wp-json\/wp\/v2\/media?parent=2866"}],"wp:term":[{"taxonomy":"product_cat","embeddable":true,"href":"https:\/\/negotinsko-blago.com\/sr\/wp-json\/wp\/v2\/product_cat?post=2866"},{"taxonomy":"product_tag","embeddable":true,"href":"https:\/\/negotinsko-blago.com\/sr\/wp-json\/wp\/v2\/product_tag?post=2866"}],"curies":[{"name":"wp","href":"https:\/\/api.w.org\/{rel}","templated":true}]}}