{"id":2871,"date":"2024-11-28T23:05:58","date_gmt":"2024-11-28T23:05:58","guid":{"rendered":"https:\/\/negotinsko-blago.com\/?post_type=product&#038;p=2871"},"modified":"2025-01-22T20:36:34","modified_gmt":"2025-01-22T20:36:34","slug":"aglaja-pelenas","status":"publish","type":"product","link":"https:\/\/negotinsko-blago.com\/sr\/proizvod\/aglaja-pelenas\/","title":{"rendered":"A\u0433\u043b\u0430\u0458\u0430 Pelena\u0161"},"content":{"rendered":"<div class=\"wpb-content-wrapper\"><div class=\"vc_row wpb_row vc_row-fluid vc_custom_1681218257591 reverse_columns_mobile vc_row-has-fill vc_row-o-equal-height vc_row-o-content-middle vc_row-flex\"><div class=\"wpb_column vc_column_container vc_col-sm-6 vc_col-lg-6 vc_col-md-6\"><div class=\"vc_column-inner  vc_custom_1681218019260 vc_custom_1681218019261\"><div class=\"wpb_wrapper\">\n\t<div class=\"title-subtitle-box\" style=\" text-align: left;\">\n\t\t<h1 style=\" font-style: normal;\">O Vinu<\/h1>\n\t<\/div> \n\t<div class=\"wpb_text_column wpb_content_element  vc_custom_1735472243185\" >\n\t\t<div class=\"wpb_wrapper\">\n\t\t\t<p>Sa prvim gutljajem ovog vina na nepcu najpre osetite pelin, koji mu daje gor\u010dinu a sa druge strane ima slatko\u0107u vo\u0107a, anisa, narand\u017ee i drugih za\u010dina. Pelena\u0161 je vino koje su doma\u0107ini pravili od nekoliko sastojaka. \u010cuveni Hajduk Veljko Petrovi\u0107, branitenj Negotina, i njegovi hajduci pili su ga za snagu, za okrepljenje i kao lek. Ovo je vino dovoljno samo sebi, ne uparuje se i prija uz doma\u0107e kola\u010de.<br \/>\nAglaja Pelena\u0161 predstavlja sinergiju starog i novog ukusa negotinskog podneblja, te je kao takvo\nnamenjeno svim ljubiteljima slatkih vina i istinskim sladokuscima.<\/p>\n<p>Mo\u017ee se slu\u017eiti kao aperitiv na sobnoj temperaturi, ili pak kao di\u017eestiv uz bilo koji tradicionalni\nsrpski kola\u010d, poput sal\u010di\u0107a, suve pite sa jabukama i kiflica sa d\u017eemom.<\/p>\n<p>Temperatura serviranja: 16-18\u00b0C.<\/p>\n\n\t\t<\/div>\n\t<\/div>\n<\/div><\/div><\/div><div class=\"wpb_column vc_column_container vc_col-sm-6 vc_col-lg-6 vc_col-md-6 vc_col-has-fill\"><div class=\"vc_column-inner  vc_custom_1729789507618\"><div class=\"wpb_wrapper\"><style>@media (max-width: 991px) {.spacer-988652498 {height: 500px !important;}}<\/style><style>@media (max-width: 480px) {.spacer-988652498 {height: 350px !important;}}<\/style><div class=\"vc_empty_space spacer-988652498\"   style=\"height: 700px\"><span class=\"vc_empty_space_inner\"><\/span><\/div><\/div><\/div><\/div><\/div>\n<\/div>","protected":false},"excerpt":{"rendered":"<p>Pelena\u0161 je dezertno aromatizovano polusuvo vino proizvedeno od crvenih sorti gro\u017e\u0111a (Merlot) intezivnog i pomalo egzoti\u010dnog mirisa anisa i karanfil\u010di\u0107a. Ukusa koji je neponovljiv i dugo se pamti. Ovaj na\u0161 vinski slatki\u0161 sadr\u017ei 27 razli\u010ditih trava i kandiranog vo\u0107a \u0161to ovom vinu daje poseban karakter.<\/p>","protected":false},"featured_media":2872,"template":"","meta":{"_acf_changed":false},"product_cat":[23],"product_tag":[],"class_list":{"0":"post-2871","1":"product","2":"type-product","3":"status-publish","4":"has-post-thumbnail","6":"product_cat-rotwein","8":"first","9":"instock","10":"taxable","11":"shipping-taxable","12":"purchasable","13":"product-type-simple"},"acf":[],"jetpack_sharing_enabled":true,"_links":{"self":[{"href":"https:\/\/negotinsko-blago.com\/sr\/wp-json\/wp\/v2\/product\/2871","targetHints":{"allow":["GET"]}}],"collection":[{"href":"https:\/\/negotinsko-blago.com\/sr\/wp-json\/wp\/v2\/product"}],"about":[{"href":"https:\/\/negotinsko-blago.com\/sr\/wp-json\/wp\/v2\/types\/product"}],"wp:featuredmedia":[{"embeddable":true,"href":"https:\/\/negotinsko-blago.com\/sr\/wp-json\/wp\/v2\/media\/2872"}],"wp:attachment":[{"href":"https:\/\/negotinsko-blago.com\/sr\/wp-json\/wp\/v2\/media?parent=2871"}],"wp:term":[{"taxonomy":"product_cat","embeddable":true,"href":"https:\/\/negotinsko-blago.com\/sr\/wp-json\/wp\/v2\/product_cat?post=2871"},{"taxonomy":"product_tag","embeddable":true,"href":"https:\/\/negotinsko-blago.com\/sr\/wp-json\/wp\/v2\/product_tag?post=2871"}],"curies":[{"name":"wp","href":"https:\/\/api.w.org\/{rel}","templated":true}]}}