{"id":2873,"date":"2024-11-28T23:20:10","date_gmt":"2024-11-28T23:20:10","guid":{"rendered":"https:\/\/negotinsko-blago.com\/?post_type=product&#038;p=2873"},"modified":"2025-02-23T07:26:50","modified_gmt":"2025-02-23T07:26:50","slug":"vis-pinot-noir-weingut-mikic","status":"publish","type":"product","link":"https:\/\/negotinsko-blago.com\/sr\/proizvod\/vis-pinot-noir-weingut-mikic\/","title":{"rendered":"Vis Pinot Noir \u2013 Vinarija Miki\u0107"},"content":{"rendered":"<div class=\"wpb-content-wrapper\"><div class=\"vc_row wpb_row vc_row-fluid vc_custom_1681218257591 reverse_columns_mobile vc_row-has-fill vc_row-o-equal-height vc_row-o-content-middle vc_row-flex\"><div class=\"wpb_column vc_column_container vc_col-sm-6 vc_col-lg-6 vc_col-md-6\"><div class=\"vc_column-inner  vc_custom_1681218019260 vc_custom_1681218019261\"><div class=\"wpb_wrapper\">\n\t<div class=\"title-subtitle-box\" style=\" text-align: left;\">\n\t\t<h1 style=\" font-style: normal;\">O Vinu<\/h1>\n\t<\/div> \n\t<div class=\"wpb_text_column wpb_content_element  vc_custom_1735472975522\" >\n\t\t<div class=\"wpb_wrapper\">\n\t\t\t<p>Poreklo ove sorte je jako diskutabilno, jedni smatraju da je nastao prirodnim ukr\u0161tanjem Crnog Rizlinga i Traminer-a, dok drugi nau\u010dnici smatraju da je Pinot Noir nastao direktno od divlje loze.<br \/>\nPosle generalne analize 1990. godine se ne iskulju\u010duje ta teorija. Vina Pinot Noir-a su rubin boje sa violetnim nijansama, va\u017ee za vrhunska vina sa mogu\u0107no\u0161\u0107u dugog odle\u017eavanja. Kao mlada vina imaju vo\u0107ni miris dok sa odle\u017eavanjem dobijaju mirisi oraha kao i badema. Vo\u0107nim mirisima tre\u0161nje, vi\u0161nje, jagode, borovnice propra\u0107eni mirisom badema u pozadi a odle\u017eavanjem u Barrique buradima pridru\u017euju se mirisi vanile i cimeta. Ovakva harmonija mirisa i \u010dini ga kraljem crvenih vina. Najskuplje crveno vino na svetu je i stvoreno ba\u0161 od ove sorte gro\u017e\u0111a.<br \/>\nVinarija Miki\u0107 uzgaja Pinot Noir na povr\u0161ini od jednog hektara i nekoliko godina smo poku\u0161avali da stvorimo jedno crveno vino koje ne bi obrukalo ovu sortu. Nismo se usu\u0111ivali na taj korak sve do 2015. godine, kada je u Negotinskoj Krajini zabele\u017eeno 2355 sun\u010danih sati i gro\u017e\u0111e bilo perfektnog kvaliteta i zrelosti. Posle jedne godine provedene u Barrique buradima napravljenih od Srpskog hrasta i 6 meseci odle\u017eavanja u bocama, Vinarija Miki\u0107 je krenula da osvaja srca ljubitelja ovog kraljevskog vina \u0161irom sveta.<br \/>\nBlago rashla\u0111eno na 16-18\u02daS, vino Pinot Noir-a preporu\u010dujemo uz jela od divlja\u010di i jagnjetine.<\/p>\n\n\t\t<\/div>\n\t<\/div>\n<\/div><\/div><\/div><div class=\"wpb_column vc_column_container vc_col-sm-6 vc_col-lg-6 vc_col-md-6 vc_col-has-fill\"><div class=\"vc_column-inner  vc_custom_1729789507618\"><div class=\"wpb_wrapper\"><style>@media (max-width: 991px) {.spacer-1385581797 {height: 500px !important;}}<\/style><style>@media (max-width: 480px) {.spacer-1385581797 {height: 350px !important;}}<\/style><div class=\"vc_empty_space spacer-1385581797\"   style=\"height: 700px\"><span class=\"vc_empty_space_inner\"><\/span><\/div><\/div><\/div><\/div><\/div>\n<\/div>","protected":false},"excerpt":{"rendered":"<p>Pinot Noir je najplemenitija sorta gro\u017e\u0111a, najvi\u0161e se gaji u Bourgogne (F) kao i Chardonnay, pa je zato kod nas poznatiji kao Burgundac. Radi se o jednoj vrlo staroj sorti koja postoji mo\u017eda i 2000 godina. Kao kolevka se smatra Canton Wallis , predeo izme\u0111u \u017denevskog jezera i doline Rone u Francuskoj.<\/p>","protected":false},"featured_media":2875,"template":"","meta":{"_acf_changed":false},"product_cat":[23],"product_tag":[],"class_list":{"0":"post-2873","1":"product","2":"type-product","3":"status-publish","4":"has-post-thumbnail","6":"product_cat-rotwein","8":"first","9":"instock","10":"taxable","11":"shipping-taxable","12":"purchasable","13":"product-type-simple"},"acf":[],"jetpack_sharing_enabled":true,"_links":{"self":[{"href":"https:\/\/negotinsko-blago.com\/sr\/wp-json\/wp\/v2\/product\/2873","targetHints":{"allow":["GET"]}}],"collection":[{"href":"https:\/\/negotinsko-blago.com\/sr\/wp-json\/wp\/v2\/product"}],"about":[{"href":"https:\/\/negotinsko-blago.com\/sr\/wp-json\/wp\/v2\/types\/product"}],"wp:featuredmedia":[{"embeddable":true,"href":"https:\/\/negotinsko-blago.com\/sr\/wp-json\/wp\/v2\/media\/2875"}],"wp:attachment":[{"href":"https:\/\/negotinsko-blago.com\/sr\/wp-json\/wp\/v2\/media?parent=2873"}],"wp:term":[{"taxonomy":"product_cat","embeddable":true,"href":"https:\/\/negotinsko-blago.com\/sr\/wp-json\/wp\/v2\/product_cat?post=2873"},{"taxonomy":"product_tag","embeddable":true,"href":"https:\/\/negotinsko-blago.com\/sr\/wp-json\/wp\/v2\/product_tag?post=2873"}],"curies":[{"name":"wp","href":"https:\/\/api.w.org\/{rel}","templated":true}]}}