{"id":2880,"date":"2024-11-29T06:41:31","date_gmt":"2024-11-29T06:41:31","guid":{"rendered":"https:\/\/negotinsko-blago.com\/?post_type=product&#038;p=2880"},"modified":"2025-02-23T07:26:09","modified_gmt":"2025-02-23T07:26:09","slug":"rose-merlot-weingut-mikic","status":"publish","type":"product","link":"https:\/\/negotinsko-blago.com\/sr\/proizvod\/rose-merlot-weingut-mikic\/","title":{"rendered":"Ros\u00e9 Merlot \u2013 Vinarija Miki\u0107"},"content":{"rendered":"<div class=\"wpb-content-wrapper\"><div class=\"vc_row wpb_row vc_row-fluid vc_custom_1729711714634 reverse_columns_mobile vc_row-has-fill vc_row-o-equal-height vc_row-o-content-middle vc_row-flex\"><div class=\"wpb_column vc_column_container vc_col-sm-12\"><div class=\"vc_column-inner\"><div class=\"wpb_wrapper\">\n\t<div class=\"title-subtitle-box\" style=\" text-align: left;\">\n\t\t<h1 style=\" font-style: normal;\">O Vinu<\/h1>\n\t<\/div> \n\t<div class=\"wpb_text_column wpb_content_element  vc_custom_1735595363798\" >\n\t\t<div class=\"wpb_wrapper\">\n\t\t\t<p>U zavisnosti od intenziteta \u017eeljene boje maceracija traje od nekoliko minuta do nekoliko sati. Boja roze vina mo\u017ee biti od ne\u017ene roze boje (kao meso lososa) do skoro crvene kao krv (ru\u017eica), trendovi su razli\u010diti i menjaju se iz godine i godinu.<\/p>\n<p>Jedna od mogu\u0107nosti dobijanja industrijskog rose vina jeste me\u0161anjem belog i crvenog vina, ova krajnje sporna metoda je u Evropskoj Uniji zabranjena, osim za proizvodnju crvenih penu\u0161avih vina.<br \/>\nNe samo leti kada se roze vina piju rashla\u0111ena na 10-12\u02daS, ve\u0107 bez Rose-a nijedan dobar ugostitelj ne sme ostati ni zimi. Leti ljubitelji crvenih vina ga piju kao rashla\u0111enu zamenu, a zimi kao vo\u0107nu osve\u017eavaju\u0107u varijantu. Lep\u0161i pol preferiraju vina sa vo\u0107nim aromama i ne\u0161to manje alkohola, ali neretko se sre\u0107u roze vina i sa 13% alkohola pa i vi\u0161e.<\/p>\n<p>Vinarija Miki\u0107 proizvodi roze od Pinot Noir-a i Merlo-a, i trudi se da odr\u017ei vrhunski kvalitet postavljaju\u0107i sebi mno\u0161tvo pitanja: odabrati najbolju sortu gro\u017e\u0111a ove godine, ili napraviti kupa\u017eu ove sorte, odrediti pravi momenat berbe, koliko dugo maceratiti, na kojoj temperaturi izvr\u0161iti fermentaciju\u2026? To su neka od pitanja na koja trebamo na\u0107i najbolji odgovor, ali ne trebate sumnjati u nas, trebate samo probati na\u0161e roze vino.<\/p>\n<p>Na Sajmu \u201eMeda i Vina\u201c u Negotinu najbolje roze vino je ba\u0161 iz na\u0161eg podruma, Vinarija Miki\u0107 Roze na prvom mestu su dovoljan dokaz sa znamo pravi odgovor na pitanja koja smo nabrojali.<\/p>\n\n\t\t<\/div>\n\t<\/div>\n<\/div><\/div><\/div><\/div>\n<\/div>","protected":false},"excerpt":{"rendered":"<p>Ros\u00e9 vina se stvaraju od crvenog gro\u017e\u0111a po tehnologiji stvaranja belih vina. Intenzitet boje se dobija maceracijom odnosno odle\u017eavanjem vina zajedno sa poko\u017eicom iz koje se bojene materije prenose u vino.<\/p>","protected":false},"featured_media":2881,"template":"","meta":{"_acf_changed":false},"product_cat":[31],"product_tag":[],"class_list":{"0":"post-2880","1":"product","2":"type-product","3":"status-publish","4":"has-post-thumbnail","6":"product_cat-roseweine","8":"first","9":"instock","10":"taxable","11":"shipping-taxable","12":"purchasable","13":"product-type-simple"},"acf":[],"jetpack_sharing_enabled":true,"_links":{"self":[{"href":"https:\/\/negotinsko-blago.com\/sr\/wp-json\/wp\/v2\/product\/2880","targetHints":{"allow":["GET"]}}],"collection":[{"href":"https:\/\/negotinsko-blago.com\/sr\/wp-json\/wp\/v2\/product"}],"about":[{"href":"https:\/\/negotinsko-blago.com\/sr\/wp-json\/wp\/v2\/types\/product"}],"wp:featuredmedia":[{"embeddable":true,"href":"https:\/\/negotinsko-blago.com\/sr\/wp-json\/wp\/v2\/media\/2881"}],"wp:attachment":[{"href":"https:\/\/negotinsko-blago.com\/sr\/wp-json\/wp\/v2\/media?parent=2880"}],"wp:term":[{"taxonomy":"product_cat","embeddable":true,"href":"https:\/\/negotinsko-blago.com\/sr\/wp-json\/wp\/v2\/product_cat?post=2880"},{"taxonomy":"product_tag","embeddable":true,"href":"https:\/\/negotinsko-blago.com\/sr\/wp-json\/wp\/v2\/product_tag?post=2880"}],"curies":[{"name":"wp","href":"https:\/\/api.w.org\/{rel}","templated":true}]}}