{"id":2882,"date":"2024-11-29T06:53:03","date_gmt":"2024-11-29T06:53:03","guid":{"rendered":"https:\/\/negotinsko-blago.com\/?post_type=product&#038;p=2882"},"modified":"2025-02-23T07:25:45","modified_gmt":"2025-02-23T07:25:45","slug":"sauvignon-blanc-weingut-mikic","status":"publish","type":"product","link":"https:\/\/negotinsko-blago.com\/sr\/proizvod\/sauvignon-blanc-weingut-mikic\/","title":{"rendered":"Sauvignon Blanc \u2013 Vinarija Miki\u0107"},"content":{"rendered":"<div class=\"wpb-content-wrapper\"><div class=\"vc_row wpb_row vc_row-fluid vc_custom_1729711714634 reverse_columns_mobile vc_row-has-fill vc_row-o-equal-height vc_row-o-content-middle vc_row-flex\"><div class=\"wpb_column vc_column_container vc_col-sm-12\"><div class=\"vc_column-inner\"><div class=\"wpb_wrapper\">\n\t<div class=\"title-subtitle-box\" style=\" text-align: left;\">\n\t\t<h1 style=\" font-style: normal;\">O Vinu<\/h1>\n\t<\/div> \n\t<div class=\"wpb_text_column wpb_content_element  vc_custom_1735598463859\" >\n\t\t<div class=\"wpb_wrapper\">\n\t\t\t<p>Vodi poreklo iz Francuske, ta\u010dnije sa obala Loare, gde se pominje ve\u0107 u 16. veku, nastala je prirodnim ukr\u0161tanjem Traminer-a i Chenin Blans-a. Posle Chardonnaya, najrasprostranjenija je sorta belog gro\u017e\u0111a na svetu. Od 2000. godine do danas se povr\u0161ine zasa\u0111ene Sauvignon-om skoro udvostru\u010dile.<\/p>\n<p>Vina Sauvignon Blanc-a mogu biti jako razli\u010dita (kao prsti na ruci)-ne sli\u010de nimalo jedan drugome; od razigranog internacionalnog stila Novog sveta sa puno ma\u0161te, gde vinari stvaraju neka druga\u010dija vina, nego vina Sauvignon-a Starog sveta verovatno da bi pokazali svoja ume\u0107a da mogu napraviti ne\u0161to interesantnije?!<\/p>\n<p>Sauvignon Blanc Vinarije Miki\u0107 daruje Vama rajske mirise tropskog vo\u0107a, zove, ribizle kao i specifi\u010dan miris zelene paprike. Takav ukus sa mno\u0161tvom bo\u017eanskih mirisa, idealno se slaze uz lagana letnja jela i mno\u0161tvo salata, piletinom, ili morskim plodovima kao i sa grilovanom ribom. Preporu\u010dujemo Vam kao mlado vino servirajte ga na temperaturi od 8-10\u02daC, a kao zrelo vino na temperaturi 10-12\u02daC.<\/p>\n\n\t\t<\/div>\n\t<\/div>\n<\/div><\/div><\/div><\/div>\n<\/div>","protected":false},"excerpt":{"rendered":"<p>Sauvignon Blanc je sorta kojoj se prognozira jako dobra budu\u0107nost, gotovo je prisutna u svim vinogradima Starog sveta. U Novom svetu je prikazuju u ne\u0161to druga\u010dijem svetlu.<\/p>","protected":false},"featured_media":2896,"template":"","meta":{"_acf_changed":false},"product_cat":[24],"product_tag":[],"class_list":{"0":"post-2882","1":"product","2":"type-product","3":"status-publish","4":"has-post-thumbnail","6":"product_cat-weiswein","8":"first","9":"instock","10":"taxable","11":"shipping-taxable","12":"purchasable","13":"product-type-simple"},"acf":[],"jetpack_sharing_enabled":true,"_links":{"self":[{"href":"https:\/\/negotinsko-blago.com\/sr\/wp-json\/wp\/v2\/product\/2882","targetHints":{"allow":["GET"]}}],"collection":[{"href":"https:\/\/negotinsko-blago.com\/sr\/wp-json\/wp\/v2\/product"}],"about":[{"href":"https:\/\/negotinsko-blago.com\/sr\/wp-json\/wp\/v2\/types\/product"}],"wp:featuredmedia":[{"embeddable":true,"href":"https:\/\/negotinsko-blago.com\/sr\/wp-json\/wp\/v2\/media\/2896"}],"wp:attachment":[{"href":"https:\/\/negotinsko-blago.com\/sr\/wp-json\/wp\/v2\/media?parent=2882"}],"wp:term":[{"taxonomy":"product_cat","embeddable":true,"href":"https:\/\/negotinsko-blago.com\/sr\/wp-json\/wp\/v2\/product_cat?post=2882"},{"taxonomy":"product_tag","embeddable":true,"href":"https:\/\/negotinsko-blago.com\/sr\/wp-json\/wp\/v2\/product_tag?post=2882"}],"curies":[{"name":"wp","href":"https:\/\/api.w.org\/{rel}","templated":true}]}}