{"id":2884,"date":"2024-11-29T07:06:25","date_gmt":"2024-11-29T07:06:25","guid":{"rendered":"https:\/\/negotinsko-blago.com\/?post_type=product&#038;p=2884"},"modified":"2025-01-22T20:37:31","modified_gmt":"2025-01-22T20:37:31","slug":"aglaja-rose-weingut-frunza","status":"publish","type":"product","link":"https:\/\/negotinsko-blago.com\/sr\/proizvod\/aglaja-rose-weingut-frunza\/","title":{"rendered":"A\u0433\u043b\u0430\u0458\u0430 Ros\u00e9 \u2013 Vinarija Frunza"},"content":{"rendered":"<div class=\"wpb-content-wrapper\"><div class=\"vc_row wpb_row vc_row-fluid vc_custom_1729711714634 reverse_columns_mobile vc_row-has-fill vc_row-o-equal-height vc_row-o-content-middle vc_row-flex\"><div class=\"wpb_column vc_column_container vc_col-sm-12\"><div class=\"vc_column-inner\"><div class=\"wpb_wrapper\">\n\t<div class=\"title-subtitle-box\" style=\" text-align: left;\">\n\t\t<h1 style=\" font-style: normal;\">O Vinu<\/h1>\n\t<\/div> \n\t<div class=\"wpb_text_column wpb_content_element  vc_custom_1735594669024\" >\n\t\t<div class=\"wpb_wrapper\">\n\t\t\t<p>Ovaj Roze proizvodimo postupkom kratke hladne maceracije i klasi\u010dne kontrolisane alkoholne fermetacije postupkom za bela vina. Posebno se fermeti\u0161e Pinot Noir i Merlot, a posebno Prokupac, \u0161to ovaj Roze \u010dini druga\u010dijim, jer predstavlja kupa\u017eu dva Roze-a. Lako se pije, a najbolje ide uz salate, ribu, lagane i blage sireve.<\/p>\n<p>Preporu\u010dujemo da ga pijete veoma ohla\u0111enog, \u010dak i ispod osam stepeni Celzijusa. Aroma Pinoa koja preovla\u0111uje na nosu ne\u0107e nimalo za\u017ealiti zbog hladno\u0107e vina, a slast \u0107e se lagano razliti po nepcu kao idealan partner vo\u0107nim salatama, ali i onima tipa Cezar salate .<\/p>\n\n\t\t<\/div>\n\t<\/div>\n<\/div><\/div><\/div><\/div>\n<\/div>","protected":false},"excerpt":{"rendered":"<p>Aglaya Ros\u00e9 ist ein Lachswein mit einer rosa Farbe und einem intensiven blumigen Aroma. Der dominierende Geschmack ist reife Frucht und angenehme S\u00e4uren, die dem Wein Frische und ein Gef\u00fchl von S\u00fc\u00dfe verleihen.<\/p>","protected":false},"featured_media":2901,"template":"","meta":{"_acf_changed":false},"product_cat":[31],"product_tag":[],"class_list":{"0":"post-2884","1":"product","2":"type-product","3":"status-publish","4":"has-post-thumbnail","6":"product_cat-roseweine","8":"first","9":"instock","10":"taxable","11":"shipping-taxable","12":"purchasable","13":"product-type-simple"},"acf":[],"jetpack_sharing_enabled":true,"_links":{"self":[{"href":"https:\/\/negotinsko-blago.com\/sr\/wp-json\/wp\/v2\/product\/2884","targetHints":{"allow":["GET"]}}],"collection":[{"href":"https:\/\/negotinsko-blago.com\/sr\/wp-json\/wp\/v2\/product"}],"about":[{"href":"https:\/\/negotinsko-blago.com\/sr\/wp-json\/wp\/v2\/types\/product"}],"wp:featuredmedia":[{"embeddable":true,"href":"https:\/\/negotinsko-blago.com\/sr\/wp-json\/wp\/v2\/media\/2901"}],"wp:attachment":[{"href":"https:\/\/negotinsko-blago.com\/sr\/wp-json\/wp\/v2\/media?parent=2884"}],"wp:term":[{"taxonomy":"product_cat","embeddable":true,"href":"https:\/\/negotinsko-blago.com\/sr\/wp-json\/wp\/v2\/product_cat?post=2884"},{"taxonomy":"product_tag","embeddable":true,"href":"https:\/\/negotinsko-blago.com\/sr\/wp-json\/wp\/v2\/product_tag?post=2884"}],"curies":[{"name":"wp","href":"https:\/\/api.w.org\/{rel}","templated":true}]}}