{"id":688,"date":"2016-03-27T16:13:09","date_gmt":"2016-03-27T16:13:09","guid":{"rendered":"http:\/\/okthemes.com\/villenoirdemonew\/product\/villenoir-sauvignon-blank\/"},"modified":"2025-01-22T20:38:24","modified_gmt":"2025-01-22T20:38:24","slug":"bagrina-edicion-limitada-weingut-trasko","status":"publish","type":"product","link":"https:\/\/negotinsko-blago.com\/sr\/proizvod\/bagrina-edicion-limitada-weingut-trasko\/","title":{"rendered":"Bagrina, Edici\u00f3n Limitada \u2013 Vinarija Tra\u0161ko"},"content":{"rendered":"<div class=\"wpb-content-wrapper\"><div class=\"vc_row wpb_row vc_row-fluid vc_custom_1729711714634 reverse_columns_mobile vc_row-has-fill vc_row-o-equal-height vc_row-o-content-middle vc_row-flex\"><div class=\"wpb_column vc_column_container vc_col-sm-12\"><div class=\"vc_column-inner\"><div class=\"wpb_wrapper\">\n\t<div class=\"title-subtitle-box\" style=\" text-align: left;\">\n\t\t<h1 style=\" font-style: normal;\">O Vinu<\/h1>\n\t<\/div> \n\t<div class=\"wpb_text_column wpb_content_element  vc_custom_1735596151317\" >\n\t\t<div class=\"wpb_wrapper\">\n\t\t\t<p>Napravljena od ru\u010dno biranih grozdova, gde se nakon berbe grozdovi pa\u017eljivo nose na dalji proces usavr\u0161avanja vina. Fermentacija se vr\u0161i u inox tankovima, gde nakon fermentacije odle\u017eava 6 meseci u baricima od srpskog hrasta i 6 meseci u boci.<\/p>\n<p>Boja vina je \u017euto zelenkasta. Ima miris koji podse\u0107a na cvet\u00a0 bagrema, sve\u017e, vo\u010dnog karaktera. Ukus pun, glatke strukture, srednje postojanosti arome. Na nepcima kremasto, lagano i lepr\u0161avo sa blagim mineralnim notama.<\/p>\n<p><strong>Serviranje<\/strong><br \/>\nSlu\u017ei se na temperaturi od 8\u00b0C do 12\u00b0C. Odli\u010dno se uparuje sa hranom, kao \u0161to su morski plodovi, riba, mladi sirevi, testenina. Mo\u017ee se slu\u017eiti i uz dezert.<\/p>\n\n\t\t<\/div>\n\t<\/div>\n<\/div><\/div><\/div><\/div>\n<\/div>","protected":false},"excerpt":{"rendered":"<p>Bagrina Edicion Limitada bri\u017eno gajena sorta na sun\u010danoj strani Bukovskog zlatnog brda u srcu Negotinske Krajine. Ova fantasti\u010dna sorta gro\u017e\u0111a je premium belih vina Isto\u010dne Srbije.<\/p>","protected":false},"featured_media":2708,"template":"","meta":{"_acf_changed":false},"product_cat":[24],"product_tag":[],"class_list":{"0":"post-688","1":"product","2":"type-product","3":"status-publish","4":"has-post-thumbnail","6":"product_cat-weiswein","8":"first","9":"instock","10":"featured","11":"taxable","12":"shipping-taxable","13":"purchasable","14":"product-type-simple"},"acf":[],"jetpack_sharing_enabled":true,"_links":{"self":[{"href":"https:\/\/negotinsko-blago.com\/sr\/wp-json\/wp\/v2\/product\/688","targetHints":{"allow":["GET"]}}],"collection":[{"href":"https:\/\/negotinsko-blago.com\/sr\/wp-json\/wp\/v2\/product"}],"about":[{"href":"https:\/\/negotinsko-blago.com\/sr\/wp-json\/wp\/v2\/types\/product"}],"wp:featuredmedia":[{"embeddable":true,"href":"https:\/\/negotinsko-blago.com\/sr\/wp-json\/wp\/v2\/media\/2708"}],"wp:attachment":[{"href":"https:\/\/negotinsko-blago.com\/sr\/wp-json\/wp\/v2\/media?parent=688"}],"wp:term":[{"taxonomy":"product_cat","embeddable":true,"href":"https:\/\/negotinsko-blago.com\/sr\/wp-json\/wp\/v2\/product_cat?post=688"},{"taxonomy":"product_tag","embeddable":true,"href":"https:\/\/negotinsko-blago.com\/sr\/wp-json\/wp\/v2\/product_tag?post=688"}],"curies":[{"name":"wp","href":"https:\/\/api.w.org\/{rel}","templated":true}]}}